{"id":16987,"date":"2023-05-22T01:58:56","date_gmt":"2023-05-22T01:58:56","guid":{"rendered":"https:\/\/cavalicores.com\/?product=tequila-rose-50ml"},"modified":"2023-07-05T05:36:39","modified_gmt":"2023-07-05T05:36:39","slug":"tequila-rose-50ml","status":"publish","type":"product","link":"https:\/\/cavalicores.com\/?product=tequila-rose-50ml","title":{"rendered":"TEQUILA ROSE 50ML"},"content":{"rendered":"","protected":false},"excerpt":{"rendered":"<p style=\"text-align: center;\">Tequila Rose es el licor original de crema de fresa. Combinar el tequila con la crema de fresa fue una innovaci\u00f3n audaz, la primera bebida de su tipo para combinar la crema con cualquier otra cosa que no sea whisky irland\u00e9s. Ex\u00f3tico. Inesperado. Delicioso. M\u00e1s de veinte a\u00f1os despu\u00e9s, Tequila Rose sigue siendo el licor de crema de fresa m\u00e1s vendido del mundo y fue la inspiraci\u00f3n que allan\u00f3 el camino para los licores de crema \u00fanicos que han seguido.<\/p>\n","protected":false},"featured_media":19354,"comment_status":"open","ping_status":"closed","template":"","meta":{"om_disable_all_campaigns":false,"_monsterinsights_skip_tracking":false,"_monsterinsights_sitenote_active":false,"_monsterinsights_sitenote_note":"","_monsterinsights_sitenote_category":0},"product_brand":[],"product_cat":[295],"product_tag":[],"class_list":{"0":"post-16987","1":"product","2":"type-product","3":"status-publish","4":"has-post-thumbnail","6":"product_cat-tequila","8":"first","9":"instock","10":"shipping-taxable","11":"purchasable","12":"product-type-simple"},"yoast_head":"<!-- This site is optimized with the Yoast SEO plugin v26.2 - https:\/\/yoast.com\/wordpress\/plugins\/seo\/ -->\n<title>TEQUILA ROSE 50ML - cavalicores.com<\/title>\n<meta name=\"robots\" content=\"index, follow, max-snippet:-1, max-image-preview:large, max-video-preview:-1\" \/>\n<link rel=\"canonical\" href=\"https:\/\/cavalicores.com\/?product=tequila-rose-50ml\" \/>\n<meta property=\"og:locale\" content=\"es_ES\" \/>\n<meta property=\"og:type\" content=\"article\" \/>\n<meta property=\"og:title\" content=\"TEQUILA ROSE 50ML - cavalicores.com\" \/>\n<meta property=\"og:description\" content=\"Tequila Rose es el licor original de crema de fresa. Combinar el tequila con la crema de fresa fue una innovaci\u00f3n audaz, la primera bebida de su tipo para combinar la crema con cualquier otra cosa que no sea whisky irland\u00e9s. Ex\u00f3tico. Inesperado. Delicioso. M\u00e1s de veinte a\u00f1os despu\u00e9s, Tequila Rose sigue siendo el licor de crema de fresa m\u00e1s vendido del mundo y fue la inspiraci\u00f3n que allan\u00f3 el camino para los licores de crema \u00fanicos que han seguido.\" \/>\n<meta property=\"og:url\" content=\"https:\/\/cavalicores.com\/?product=tequila-rose-50ml\" \/>\n<meta property=\"og:site_name\" content=\"cavalicores.com\" \/>\n<meta property=\"article:modified_time\" content=\"2023-07-05T05:36:39+00:00\" \/>\n<meta property=\"og:image\" content=\"https:\/\/cavalicores.com\/wp-content\/uploads\/2023\/05\/8559212108.jpg\" \/>\n\t<meta property=\"og:image:width\" content=\"1000\" \/>\n\t<meta property=\"og:image:height\" content=\"1000\" \/>\n\t<meta property=\"og:image:type\" content=\"image\/jpeg\" \/>\n<meta name=\"twitter:card\" content=\"summary_large_image\" \/>\n<script type=\"application\/ld+json\" class=\"yoast-schema-graph\">{\"@context\":\"https:\/\/schema.org\",\"@graph\":[{\"@type\":\"WebPage\",\"@id\":\"https:\/\/cavalicores.com\/?product=tequila-rose-50ml\",\"url\":\"https:\/\/cavalicores.com\/?product=tequila-rose-50ml\",\"name\":\"TEQUILA ROSE 50ML - cavalicores.com\",\"isPartOf\":{\"@id\":\"https:\/\/cavalicores.com\/#website\"},\"primaryImageOfPage\":{\"@id\":\"https:\/\/cavalicores.com\/?product=tequila-rose-50ml#primaryimage\"},\"image\":{\"@id\":\"https:\/\/cavalicores.com\/?product=tequila-rose-50ml#primaryimage\"},\"thumbnailUrl\":\"https:\/\/cavalicores.com\/wp-content\/uploads\/2023\/05\/8559212108.jpg\",\"datePublished\":\"2023-05-22T01:58:56+00:00\",\"dateModified\":\"2023-07-05T05:36:39+00:00\",\"breadcrumb\":{\"@id\":\"https:\/\/cavalicores.com\/?product=tequila-rose-50ml#breadcrumb\"},\"inLanguage\":\"es\",\"potentialAction\":[{\"@type\":\"ReadAction\",\"target\":[\"https:\/\/cavalicores.com\/?product=tequila-rose-50ml\"]}]},{\"@type\":\"ImageObject\",\"inLanguage\":\"es\",\"@id\":\"https:\/\/cavalicores.com\/?product=tequila-rose-50ml#primaryimage\",\"url\":\"https:\/\/cavalicores.com\/wp-content\/uploads\/2023\/05\/8559212108.jpg\",\"contentUrl\":\"https:\/\/cavalicores.com\/wp-content\/uploads\/2023\/05\/8559212108.jpg\",\"width\":1000,\"height\":1000},{\"@type\":\"BreadcrumbList\",\"@id\":\"https:\/\/cavalicores.com\/?product=tequila-rose-50ml#breadcrumb\",\"itemListElement\":[{\"@type\":\"ListItem\",\"position\":1,\"name\":\"Portada\",\"item\":\"https:\/\/cavalicores.com\/\"},{\"@type\":\"ListItem\",\"position\":2,\"name\":\"Tienda\",\"item\":\"https:\/\/cavalicores.com\/\"},{\"@type\":\"ListItem\",\"position\":3,\"name\":\"TEQUILA ROSE 50ML\"}]},{\"@type\":\"WebSite\",\"@id\":\"https:\/\/cavalicores.com\/#website\",\"url\":\"https:\/\/cavalicores.com\/\",\"name\":\"cavalicores.com\",\"description\":\"\",\"publisher\":{\"@id\":\"https:\/\/cavalicores.com\/#organization\"},\"potentialAction\":[{\"@type\":\"SearchAction\",\"target\":{\"@type\":\"EntryPoint\",\"urlTemplate\":\"https:\/\/cavalicores.com\/?s={search_term_string}\"},\"query-input\":{\"@type\":\"PropertyValueSpecification\",\"valueRequired\":true,\"valueName\":\"search_term_string\"}}],\"inLanguage\":\"es\"},{\"@type\":\"Organization\",\"@id\":\"https:\/\/cavalicores.com\/#organization\",\"name\":\"cavalicores.com\",\"url\":\"https:\/\/cavalicores.com\/\",\"logo\":{\"@type\":\"ImageObject\",\"inLanguage\":\"es\",\"@id\":\"https:\/\/cavalicores.com\/#\/schema\/logo\/image\/\",\"url\":\"https:\/\/cavalicores.com\/wp-content\/uploads\/2023\/07\/FullLogo_Transparent_NoBuffer-2.png\",\"contentUrl\":\"https:\/\/cavalicores.com\/wp-content\/uploads\/2023\/07\/FullLogo_Transparent_NoBuffer-2.png\",\"width\":1280,\"height\":356,\"caption\":\"cavalicores.com\"},\"image\":{\"@id\":\"https:\/\/cavalicores.com\/#\/schema\/logo\/image\/\"}}]}<\/script>\n<!-- \/ Yoast SEO plugin. -->","yoast_head_json":{"title":"TEQUILA ROSE 50ML - cavalicores.com","robots":{"index":"index","follow":"follow","max-snippet":"max-snippet:-1","max-image-preview":"max-image-preview:large","max-video-preview":"max-video-preview:-1"},"canonical":"https:\/\/cavalicores.com\/?product=tequila-rose-50ml","og_locale":"es_ES","og_type":"article","og_title":"TEQUILA ROSE 50ML - cavalicores.com","og_description":"Tequila Rose es el licor original de crema de fresa. Combinar el tequila con la crema de fresa fue una innovaci\u00f3n audaz, la primera bebida de su tipo para combinar la crema con cualquier otra cosa que no sea whisky irland\u00e9s. Ex\u00f3tico. Inesperado. Delicioso. M\u00e1s de veinte a\u00f1os despu\u00e9s, Tequila Rose sigue siendo el licor de crema de fresa m\u00e1s vendido del mundo y fue la inspiraci\u00f3n que allan\u00f3 el camino para los licores de crema \u00fanicos que han seguido.","og_url":"https:\/\/cavalicores.com\/?product=tequila-rose-50ml","og_site_name":"cavalicores.com","article_modified_time":"2023-07-05T05:36:39+00:00","og_image":[{"width":1000,"height":1000,"url":"https:\/\/cavalicores.com\/wp-content\/uploads\/2023\/05\/8559212108.jpg","type":"image\/jpeg"}],"twitter_card":"summary_large_image","schema":{"@context":"https:\/\/schema.org","@graph":[{"@type":"WebPage","@id":"https:\/\/cavalicores.com\/?product=tequila-rose-50ml","url":"https:\/\/cavalicores.com\/?product=tequila-rose-50ml","name":"TEQUILA ROSE 50ML - cavalicores.com","isPartOf":{"@id":"https:\/\/cavalicores.com\/#website"},"primaryImageOfPage":{"@id":"https:\/\/cavalicores.com\/?product=tequila-rose-50ml#primaryimage"},"image":{"@id":"https:\/\/cavalicores.com\/?product=tequila-rose-50ml#primaryimage"},"thumbnailUrl":"https:\/\/cavalicores.com\/wp-content\/uploads\/2023\/05\/8559212108.jpg","datePublished":"2023-05-22T01:58:56+00:00","dateModified":"2023-07-05T05:36:39+00:00","breadcrumb":{"@id":"https:\/\/cavalicores.com\/?product=tequila-rose-50ml#breadcrumb"},"inLanguage":"es","potentialAction":[{"@type":"ReadAction","target":["https:\/\/cavalicores.com\/?product=tequila-rose-50ml"]}]},{"@type":"ImageObject","inLanguage":"es","@id":"https:\/\/cavalicores.com\/?product=tequila-rose-50ml#primaryimage","url":"https:\/\/cavalicores.com\/wp-content\/uploads\/2023\/05\/8559212108.jpg","contentUrl":"https:\/\/cavalicores.com\/wp-content\/uploads\/2023\/05\/8559212108.jpg","width":1000,"height":1000},{"@type":"BreadcrumbList","@id":"https:\/\/cavalicores.com\/?product=tequila-rose-50ml#breadcrumb","itemListElement":[{"@type":"ListItem","position":1,"name":"Portada","item":"https:\/\/cavalicores.com\/"},{"@type":"ListItem","position":2,"name":"Tienda","item":"https:\/\/cavalicores.com\/"},{"@type":"ListItem","position":3,"name":"TEQUILA ROSE 50ML"}]},{"@type":"WebSite","@id":"https:\/\/cavalicores.com\/#website","url":"https:\/\/cavalicores.com\/","name":"cavalicores.com","description":"","publisher":{"@id":"https:\/\/cavalicores.com\/#organization"},"potentialAction":[{"@type":"SearchAction","target":{"@type":"EntryPoint","urlTemplate":"https:\/\/cavalicores.com\/?s={search_term_string}"},"query-input":{"@type":"PropertyValueSpecification","valueRequired":true,"valueName":"search_term_string"}}],"inLanguage":"es"},{"@type":"Organization","@id":"https:\/\/cavalicores.com\/#organization","name":"cavalicores.com","url":"https:\/\/cavalicores.com\/","logo":{"@type":"ImageObject","inLanguage":"es","@id":"https:\/\/cavalicores.com\/#\/schema\/logo\/image\/","url":"https:\/\/cavalicores.com\/wp-content\/uploads\/2023\/07\/FullLogo_Transparent_NoBuffer-2.png","contentUrl":"https:\/\/cavalicores.com\/wp-content\/uploads\/2023\/07\/FullLogo_Transparent_NoBuffer-2.png","width":1280,"height":356,"caption":"cavalicores.com"},"image":{"@id":"https:\/\/cavalicores.com\/#\/schema\/logo\/image\/"}}]}},"_links":{"self":[{"href":"https:\/\/cavalicores.com\/index.php?rest_route=\/wp\/v2\/product\/16987","targetHints":{"allow":["GET"]}}],"collection":[{"href":"https:\/\/cavalicores.com\/index.php?rest_route=\/wp\/v2\/product"}],"about":[{"href":"https:\/\/cavalicores.com\/index.php?rest_route=\/wp\/v2\/types\/product"}],"replies":[{"embeddable":true,"href":"https:\/\/cavalicores.com\/index.php?rest_route=%2Fwp%2Fv2%2Fcomments&post=16987"}],"version-history":[{"count":2,"href":"https:\/\/cavalicores.com\/index.php?rest_route=\/wp\/v2\/product\/16987\/revisions"}],"predecessor-version":[{"id":19617,"href":"https:\/\/cavalicores.com\/index.php?rest_route=\/wp\/v2\/product\/16987\/revisions\/19617"}],"wp:featuredmedia":[{"embeddable":true,"href":"https:\/\/cavalicores.com\/index.php?rest_route=\/wp\/v2\/media\/19354"}],"wp:attachment":[{"href":"https:\/\/cavalicores.com\/index.php?rest_route=%2Fwp%2Fv2%2Fmedia&parent=16987"}],"wp:term":[{"taxonomy":"product_brand","embeddable":true,"href":"https:\/\/cavalicores.com\/index.php?rest_route=%2Fwp%2Fv2%2Fproduct_brand&post=16987"},{"taxonomy":"product_cat","embeddable":true,"href":"https:\/\/cavalicores.com\/index.php?rest_route=%2Fwp%2Fv2%2Fproduct_cat&post=16987"},{"taxonomy":"product_tag","embeddable":true,"href":"https:\/\/cavalicores.com\/index.php?rest_route=%2Fwp%2Fv2%2Fproduct_tag&post=16987"}],"curies":[{"name":"wp","href":"https:\/\/api.w.org\/{rel}","templated":true}]}}